{"id":354,"date":"2017-10-14T11:18:10","date_gmt":"2017-10-14T11:18:10","guid":{"rendered":"http:\/\/hamingjor.dk\/?page_id=354"},"modified":"2017-11-05T20:47:44","modified_gmt":"2017-11-05T20:47:44","slug":"jemmas-page","status":"publish","type":"page","link":"https:\/\/english.hamingjor.dk\/?page_id=354","title":{"rendered":"Jemma&#8217;s page"},"content":{"rendered":"<h1 style=\"text-align: center;\">Jemma des Princes de Minos<\/h1>\n<h2 style=\"text-align: center;\">DKJV 15- DKCH &#8211; KLBCH &#8211; HUCH- HUSCH &#8211; ROCH &#8211; ROGRCH<\/h2>\n<p style=\"text-align: center;\">Breeder: Christian Capolo. France<\/p>\n<h2 style=\"text-align: center;\"><img loading=\"lazy\" decoding=\"async\" class=\"alignnone size-full wp-image-143\" src=\"http:\/\/hamingjor.dk\/wp-content\/uploads\/2017\/10\/Jemma-champion.jpg\" alt=\"\" width=\"2779\" height=\"2395\" \/><\/h2>\n<h2 style=\"text-align: center;\"><img loading=\"lazy\" decoding=\"async\" class=\"alignnone size-full wp-image-156\" src=\"http:\/\/hamingjor.dk\/wp-content\/uploads\/2017\/10\/DSC_0464-1.jpg\" alt=\"\" width=\"6016\" height=\"4000\" \/> \u00a0<img loading=\"lazy\" decoding=\"async\" class=\"alignnone wp-image-128\" src=\"http:\/\/hamingjor.dk\/wp-content\/uploads\/2017\/10\/IMG_6437.jpg\" alt=\"\" width=\"1084\" height=\"721\" \/>00\/Patella free<\/h2>\n<p>01.11.2015 Herning Dansk Kennel Klub Harry Tast Exc.JK Plac.1 CK 3.BTK CERT<\/p>\n<p>20.03.2016 Sk\u00e6lsk\u00f8r Myndeklubben Svante Frisk Exc.JK Plac.2 CK 3.BTK R.CERT<\/p>\n<p>10.06.2016 Vejen Dansk Kennel Klub Rodi H\u00fcbenthal Exc. CK Plac.1 CK 3.BTK CERT<\/p>\n<p>12.06.2016 Vejen Dansk Kennel Klub J. Schepers Exc.\u00c5K Plac.1 CK 3.BTK CERT<\/p>\n<p>01.10.2016 \u00c5rs Myndeklubben Leif Lehmann J\u00f8rgensen Exc. CK Plac.1 CK 2.BTK CERT<\/p>\n<p>05.11.2016 Herning Dansk Kennel Klub Kresten Scheel Exc. CK Plac.1 CK 2.BTK CERT R.CACIB<\/p>\n<p>06.11.2016 Herning Dansk Kennel Klub Jarmo Vuorinen Exc. CK Plac.1 CK 2.BTK CERT R.CACIB<\/p>\n<p>20.11.2016 Nyborg Myndeklubben Regina Tromp-Pruijn Exc. CK Plac.3 Kritik<\/p>\n<p>11.02.2017 Fredericia Dansk Kennel Klub Liliane De Ridder-Onghena Exc. CK Plac.1 CK 1.BTK CERT CACIB BIR<\/p>\n<p>Shows in other countries<\/p>\n<p>15\/07\/ 2017 International dog Show Oberwart Austria: Champion Class: 1exc-CAC-RCACIB<\/p>\n<p>22\/07\/2017 Debrecen, Hungary, National Dog Show,\u00a0Champion Class. 1st Exc and CAC<\/p>\n<p>22\/07\/2017\u00a0Debrecen, Hungary, International night dogshow \u00a0Champion Class. 1st Exc, CAC CACIB and BOS.\u00a0 Reserve Best of group for the BOS.<\/p>\n","protected":false},"excerpt":{"rendered":"<p>Jemma des Princes de Minos DKJV 15- DKCH &#8211; KLBCH &#8211; HUCH- HUSCH &#8211; ROCH &#8211; ROGRCH Breeder: Christian Capolo. France \u00a000\/Patella free 01.11.2015 Herning Dansk Kennel Klub Harry Tast Exc.JK Plac.1 CK 3.BTK CERT 20.03.2016 Sk\u00e6lsk\u00f8r Myndeklubben Svante Frisk Exc.JK Plac.2 CK 3.BTK R.CERT 10.06.2016 Vejen Dansk Kennel Klub Rodi H\u00fcbenthal Exc. CK Plac.1 &#8230;<br \/><a class=\"read-more-link btn btn-outline-secondary\" href=\"https:\/\/english.hamingjor.dk\/?page_id=354\">Read more<\/a><\/p>\n","protected":false},"author":1,"featured_media":0,"parent":0,"menu_order":0,"comment_status":"closed","ping_status":"closed","template":"","meta":{"footnotes":""},"_links":{"self":[{"href":"https:\/\/english.hamingjor.dk\/index.php?rest_route=\/wp\/v2\/pages\/354"}],"collection":[{"href":"https:\/\/english.hamingjor.dk\/index.php?rest_route=\/wp\/v2\/pages"}],"about":[{"href":"https:\/\/english.hamingjor.dk\/index.php?rest_route=\/wp\/v2\/types\/page"}],"author":[{"embeddable":true,"href":"https:\/\/english.hamingjor.dk\/index.php?rest_route=\/wp\/v2\/users\/1"}],"replies":[{"embeddable":true,"href":"https:\/\/english.hamingjor.dk\/index.php?rest_route=%2Fwp%2Fv2%2Fcomments&post=354"}],"version-history":[{"count":4,"href":"https:\/\/english.hamingjor.dk\/index.php?rest_route=\/wp\/v2\/pages\/354\/revisions"}],"predecessor-version":[{"id":433,"href":"https:\/\/english.hamingjor.dk\/index.php?rest_route=\/wp\/v2\/pages\/354\/revisions\/433"}],"wp:attachment":[{"href":"https:\/\/english.hamingjor.dk\/index.php?rest_route=%2Fwp%2Fv2%2Fmedia&parent=354"}],"curies":[{"name":"wp","href":"https:\/\/api.w.org\/{rel}","templated":true}]}}